{"id":3082,"date":"2021-11-04T11:45:08","date_gmt":"2021-11-04T11:45:08","guid":{"rendered":"https:\/\/eslots.wiki\/ota-yhteytta\/"},"modified":"2024-05-23T08:47:36","modified_gmt":"2024-05-23T08:47:36","slug":"ota-yhteytta","status":"publish","type":"page","link":"https:\/\/eslots.wiki\/fi\/ota-yhteytta\/","title":{"rendered":"Ota yhteytt\u00e4"},"content":{"rendered":"\t\t<div data-elementor-type=\"wp-page\" data-elementor-id=\"3082\" class=\"elementor elementor-3082 elementor-1481\">\n\t\t\t\t<div class=\"elementor-element elementor-element-7458cb8 e-flex e-con-boxed e-con e-parent\" data-id=\"7458cb8\" data-element_type=\"container\">\n\t\t\t\t\t<div class=\"e-con-inner\">\n\t\t\t\t<div class=\"elementor-element elementor-element-2597faa elementor-widget elementor-widget-heading\" data-id=\"2597faa\" data-element_type=\"widget\" data-widget_type=\"heading.default\">\n\t\t\t\t<div class=\"elementor-widget-container\">\n\t\t\t<style>\/*! elementor - v3.21.0 - 22-05-2024 *\/\n.elementor-heading-title{padding:0;margin:0;line-height:1}.elementor-widget-heading .elementor-heading-title[class*=elementor-size-]>a{color:inherit;font-size:inherit;line-height:inherit}.elementor-widget-heading .elementor-heading-title.elementor-size-small{font-size:15px}.elementor-widget-heading .elementor-heading-title.elementor-size-medium{font-size:19px}.elementor-widget-heading .elementor-heading-title.elementor-size-large{font-size:29px}.elementor-widget-heading .elementor-heading-title.elementor-size-xl{font-size:39px}.elementor-widget-heading .elementor-heading-title.elementor-size-xxl{font-size:59px}<\/style><h2 class=\"elementor-heading-title elementor-size-default\">Ota yhteytt\u00e4<\/h2>\t\t<\/div>\n\t\t\t\t<\/div>\n\t\t\t\t<div class=\"elementor-element elementor-element-b2ae883 elementor-widget elementor-widget-text-editor\" data-id=\"b2ae883\" data-element_type=\"widget\" data-widget_type=\"text-editor.default\">\n\t\t\t\t<div class=\"elementor-widget-container\">\n\t\t\t<style>\/*! elementor - v3.21.0 - 22-05-2024 *\/\n.elementor-widget-text-editor.elementor-drop-cap-view-stacked .elementor-drop-cap{background-color:#69727d;color:#fff}.elementor-widget-text-editor.elementor-drop-cap-view-framed .elementor-drop-cap{color:#69727d;border:3px solid;background-color:transparent}.elementor-widget-text-editor:not(.elementor-drop-cap-view-default) .elementor-drop-cap{margin-top:8px}.elementor-widget-text-editor:not(.elementor-drop-cap-view-default) .elementor-drop-cap-letter{width:1em;height:1em}.elementor-widget-text-editor .elementor-drop-cap{float:left;text-align:center;line-height:1;font-size:50px}.elementor-widget-text-editor .elementor-drop-cap-letter{display:inline-block}<\/style>\t\t\t\t<p>Me eSlots.Wikiss\u00e4 arvostamme palautettasi, kysymyksi\u00e4 ja ehdotuksia. Olitpa sitten kiinnostunut sis\u00e4ll\u00f6st\u00e4mme, tarvitset apua tai haluat jakaa pelikokemuksiasi, me autamme sinua mielell\u00e4mme.<\/p>\n\t\t\t\t\t\t<\/div>\n\t\t\t\t<\/div>\n\t\t\t\t<div class=\"elementor-element elementor-element-68b3d49 elementor-widget elementor-widget-wpforms\" data-id=\"68b3d49\" data-element_type=\"widget\" data-widget_type=\"wpforms.default\">\n\t\t\t\t<div class=\"elementor-widget-container\">\n\t\t\t<style id=\"wpforms-css-vars-root\">\n\t\t\t\t:root {\n\t\t\t\t\t--wpforms-field-border-radius: 3px;\n--wpforms-field-border-style: solid;\n--wpforms-field-border-size: 1px;\n--wpforms-field-background-color: #ffffff;\n--wpforms-field-border-color: rgba( 0, 0, 0, 0.25 );\n--wpforms-field-border-color-spare: rgba( 0, 0, 0, 0.25 );\n--wpforms-field-text-color: rgba( 0, 0, 0, 0.7 );\n--wpforms-field-menu-color: #ffffff;\n--wpforms-label-color: rgba( 0, 0, 0, 0.85 );\n--wpforms-label-sublabel-color: rgba( 0, 0, 0, 0.55 );\n--wpforms-label-error-color: #d63637;\n--wpforms-button-border-radius: 3px;\n--wpforms-button-border-style: none;\n--wpforms-button-border-size: 1px;\n--wpforms-button-background-color: #066aab;\n--wpforms-button-border-color: #066aab;\n--wpforms-button-text-color: #ffffff;\n--wpforms-page-break-color: #066aab;\n--wpforms-background-image: none;\n--wpforms-background-position: center center;\n--wpforms-background-repeat: no-repeat;\n--wpforms-background-size: cover;\n--wpforms-background-width: 100px;\n--wpforms-background-height: 100px;\n--wpforms-background-color: rgba( 0, 0, 0, 0 );\n--wpforms-background-url: none;\n--wpforms-container-padding: 0px;\n--wpforms-container-border-style: none;\n--wpforms-container-border-width: 1px;\n--wpforms-container-border-color: #000000;\n--wpforms-container-border-radius: 3px;\n--wpforms-field-size-input-height: 43px;\n--wpforms-field-size-input-spacing: 15px;\n--wpforms-field-size-font-size: 16px;\n--wpforms-field-size-line-height: 19px;\n--wpforms-field-size-padding-h: 14px;\n--wpforms-field-size-checkbox-size: 16px;\n--wpforms-field-size-sublabel-spacing: 5px;\n--wpforms-field-size-icon-size: 1;\n--wpforms-label-size-font-size: 16px;\n--wpforms-label-size-line-height: 19px;\n--wpforms-label-size-sublabel-font-size: 14px;\n--wpforms-label-size-sublabel-line-height: 17px;\n--wpforms-button-size-font-size: 17px;\n--wpforms-button-size-height: 41px;\n--wpforms-button-size-padding-h: 15px;\n--wpforms-button-size-margin-top: 10px;\n--wpforms-container-shadow-size-box-shadow: none;\n\n\t\t\t\t}\n\t\t\t<\/style><style id=\"wpforms-css-vars-elementor-widget-68b3d49\">\n\t\t\t\t.elementor-widget-wpforms.elementor-element-68b3d49 {\n\t\t\t\t\t--wpforms-field-size-input-height: 43px;\n--wpforms-field-size-input-spacing: 15px;\n--wpforms-field-size-font-size: 16px;\n--wpforms-field-size-line-height: 19px;\n--wpforms-field-size-padding-h: 14px;\n--wpforms-field-size-checkbox-size: 16px;\n--wpforms-field-size-sublabel-spacing: 5px;\n--wpforms-field-size-icon-size: 1;\n--wpforms-label-size-font-size: 16px;\n--wpforms-label-size-line-height: 19px;\n--wpforms-label-size-sublabel-font-size: 14px;\n--wpforms-label-size-sublabel-line-height: 17px;\n--wpforms-button-size-font-size: 17px;\n--wpforms-button-size-height: 41px;\n--wpforms-button-size-padding-h: 15px;\n--wpforms-button-size-margin-top: 10px;\n\n\t\t\t\t}\n\t\t\t<\/style><div class=\"wpforms-container wpforms-container-full wpforms-render-modern\" id=\"wpforms-3018\"><form id=\"wpforms-form-3018\" class=\"wpforms-validate wpforms-form wpforms-ajax-form\" data-formid=\"3018\" method=\"post\" enctype=\"multipart\/form-data\" action=\"\/fi\/wp-json\/wp\/v2\/pages\/3082\" data-token=\"769ebae0b8a9a4e32c9517c6d342be7a\" data-token-time=\"1778988944\"><noscript class=\"wpforms-error-noscript\">Please enable JavaScript in your browser to complete this form.<\/noscript><div class=\"wpforms-hidden\" id=\"wpforms-error-noscript\">Please enable JavaScript in your browser to complete this form.<\/div><div class=\"wpforms-field-container\"><div id=\"wpforms-3018-field_0-container\" class=\"wpforms-field wpforms-field-name\" data-field-id=\"0\"><label class=\"wpforms-field-label\" for=\"wpforms-3018-field_0\">Name <span class=\"wpforms-required-label\" aria-hidden=\"true\">*<\/span><\/label><input type=\"text\" id=\"wpforms-3018-field_0\" class=\"wpforms-field-medium wpforms-field-required\" name=\"wpforms[fields][0]\" aria-errormessage=\"wpforms-3018-field_0-error\" required><\/div><div id=\"wpforms-3018-field_8-container\" class=\"wpforms-field wpforms-field-checkbox\" data-field-id=\"8\"><fieldset><legend class=\"wpforms-field-label\">Why are you contacting us?<\/legend><ul id=\"wpforms-3018-field_8\"><li class=\"choice-1 depth-1\"><input type=\"checkbox\" id=\"wpforms-3018-field_8_1\" name=\"wpforms[fields][8][]\" value=\"Advertising\" aria-errormessage=\"wpforms-3018-field_8_1-error\"  ><label class=\"wpforms-field-label-inline\" for=\"wpforms-3018-field_8_1\">Advertising<\/label><\/li><li class=\"choice-2 depth-1\"><input type=\"checkbox\" id=\"wpforms-3018-field_8_2\" name=\"wpforms[fields][8][]\" value=\"Tips\" aria-errormessage=\"wpforms-3018-field_8_2-error\"  ><label class=\"wpforms-field-label-inline\" for=\"wpforms-3018-field_8_2\">Tips<\/label><\/li><li class=\"choice-3 depth-1\"><input type=\"checkbox\" id=\"wpforms-3018-field_8_3\" name=\"wpforms[fields][8][]\" value=\"Other\" aria-errormessage=\"wpforms-3018-field_8_3-error\"  ><label class=\"wpforms-field-label-inline\" for=\"wpforms-3018-field_8_3\">Other<\/label><\/li><\/ul><\/fieldset><\/div><div id=\"wpforms-3018-field_7-container\" class=\"wpforms-field wpforms-field-text\" data-field-id=\"7\"><label class=\"wpforms-field-label\" for=\"wpforms-3018-field_7\">Your company name<\/label><input type=\"text\" id=\"wpforms-3018-field_7\" class=\"wpforms-field-medium\" name=\"wpforms[fields][7]\" aria-errormessage=\"wpforms-3018-field_7-error\" ><\/div><div id=\"wpforms-3018-field_6-container\" class=\"wpforms-field wpforms-field-email\" data-field-id=\"6\"><label class=\"wpforms-field-label\" for=\"wpforms-3018-field_6\">Email  <span class=\"wpforms-required-label\" aria-hidden=\"true\">*<\/span><\/label><input type=\"email\" id=\"wpforms-3018-field_6\" class=\"wpforms-field-medium wpforms-field-required\" name=\"wpforms[fields][6]\" spellcheck=\"false\" aria-errormessage=\"wpforms-3018-field_6-error\" required><\/div><div id=\"wpforms-3018-field_2-container\" class=\"wpforms-field wpforms-field-textarea\" data-field-id=\"2\"><label class=\"wpforms-field-label\" for=\"wpforms-3018-field_2\">Your message <span class=\"wpforms-required-label\" aria-hidden=\"true\">*<\/span><\/label><textarea id=\"wpforms-3018-field_2\" class=\"wpforms-field-medium wpforms-field-required\" name=\"wpforms[fields][2]\" aria-errormessage=\"wpforms-3018-field_2-error\" required><\/textarea><\/div><\/div><!-- .wpforms-field-container --><div class=\"wpforms-submit-container\" ><input type=\"hidden\" name=\"wpforms[id]\" value=\"3018\"><input type=\"hidden\" name=\"page_title\" value=\"\"><input type=\"hidden\" name=\"page_url\" value=\"https:\/\/eslots.wiki\/fi\/wp-json\/wp\/v2\/pages\/3082\"><button type=\"submit\" name=\"wpforms[submit]\" id=\"wpforms-submit-3018\" class=\"wpforms-submit\" data-alt-text=\"Sending...\" data-submit-text=\"Send\" aria-live=\"assertive\" value=\"wpforms-submit\">Send<\/button><img loading=\"lazy\" loading=\"lazy\" decoding=\"async\" src=\"https:\/\/eslots.wiki\/wp-content\/plugins\/wpforms-lite\/assets\/images\/submit-spin.svg\" class=\"wpforms-submit-spinner\" style=\"display: none;\" width=\"26\" height=\"26\" alt=\"Loading\"><\/div><\/form><\/div>  <!-- .wpforms-container -->\t\t<\/div>\n\t\t\t\t<\/div>\n\t\t\t\t<div class=\"elementor-element elementor-element-4648d0f elementor-widget elementor-widget-image\" data-id=\"4648d0f\" data-element_type=\"widget\" data-widget_type=\"image.default\">\n\t\t\t\t<div class=\"elementor-widget-container\">\n\t\t\t<style>\/*! elementor - v3.21.0 - 22-05-2024 *\/\n.elementor-widget-image{text-align:center}.elementor-widget-image a{display:inline-block}.elementor-widget-image a img[src$=\".svg\"]{width:48px}.elementor-widget-image img{vertical-align:middle;display:inline-block}<\/style>\t\t\t\t\t\t\t\t\t\t\t<a href=\"https:\/\/www.google.com\/maps\/@40.6315416,-75.3576829,18z\">\n\t\t\t\t\t\t\t<img decoding=\"async\" src=\"https:\/\/foxiz.themeruby.com\/buzzstream\/wp-content\/uploads\/sites\/6\/2024\/01\/map.png\" title=\"\" alt=\"\" loading=\"lazy\" \/>\t\t\t\t\t\t\t\t<\/a>\n\t\t\t\t\t\t\t\t\t\t\t\t\t<\/div>\n\t\t\t\t<\/div>\n\t\t\t\t<div class=\"elementor-element elementor-element-d3d9f86 elementor-widget elementor-widget-text-editor\" data-id=\"d3d9f86\" data-element_type=\"widget\" data-widget_type=\"text-editor.default\">\n\t\t\t\t<div class=\"elementor-widget-container\">\n\t\t\t\t\t\t\t<p><strong>Palaute ja ehdotukset<\/strong><\/p>\n<p>Pyrimme aina parantamaan ja tarjoamaan parasta mahdollista sis\u00e4lt\u00f6\u00e4. Jos sinulla on ehdotuksia tai ideoita siit\u00e4, miten voimme parantaa kokemustasi eSlots.Wikiss\u00e4, \u00e4l\u00e4 ep\u00e4r\u00f6i kertoa meille.<\/p>\n\t\t\t\t\t\t<\/div>\n\t\t\t\t<\/div>\n\t\t\t\t\t<\/div>\n\t\t\t\t<\/div>\n\t\t\t\t<\/div>\n\t\t","protected":false},"excerpt":{"rendered":"<p>Ota yhteytt\u00e4 Me eSlots.Wikiss\u00e4 arvostamme palautettasi, kysymyksi\u00e4 ja ehdotuksia. Olitpa sitten kiinnostunut sis\u00e4ll\u00f6st\u00e4mme, tarvitset apua tai haluat jakaa pelikokemuksiasi, me autamme sinua mielell\u00e4mme. Please enable JavaScript in your browser to complete this form.Please enable JavaScript in your browser to complete this form.Name * Why are you contacting us? Advertising Tips Other Your company nameEmail *Your [&hellip;]<\/p>\n","protected":false},"author":1,"featured_media":0,"parent":0,"menu_order":0,"comment_status":"closed","ping_status":"closed","template":"","meta":{"content-type":"","footnotes":""},"class_list":["post-3082","page","type-page","status-publish"],"yoast_head":"<!-- This site is optimized with the Yoast SEO plugin v22.6 - https:\/\/yoast.com\/wordpress\/plugins\/seo\/ -->\n<title>Ota yhteytt\u00e4 - eSlots.Wiki<\/title>\n<meta name=\"robots\" content=\"index, follow, max-snippet:-1, max-image-preview:large, max-video-preview:-1\" \/>\n<link rel=\"canonical\" href=\"https:\/\/eslots.wiki\/fi\/ota-yhteytta\/\" \/>\n<meta property=\"og:locale\" content=\"fi_FI\" \/>\n<meta property=\"og:type\" content=\"article\" \/>\n<meta property=\"og:title\" content=\"Ota yhteytt\u00e4 - eSlots.Wiki\" \/>\n<meta property=\"og:description\" content=\"Ota yhteytt\u00e4 Me eSlots.Wikiss\u00e4 arvostamme palautettasi, kysymyksi\u00e4 ja ehdotuksia. Olitpa sitten kiinnostunut sis\u00e4ll\u00f6st\u00e4mme, tarvitset apua tai haluat jakaa pelikokemuksiasi, me autamme sinua mielell\u00e4mme. Please enable JavaScript in your browser to complete this form.Please enable JavaScript in your browser to complete this form.Name * Why are you contacting us? Advertising Tips Other Your company nameEmail *Your [&hellip;]\" \/>\n<meta property=\"og:url\" content=\"https:\/\/eslots.wiki\/fi\/ota-yhteytta\/\" \/>\n<meta property=\"og:site_name\" content=\"eSlots.Wiki\" \/>\n<meta property=\"article:modified_time\" content=\"2024-05-23T08:47:36+00:00\" \/>\n<meta property=\"og:image\" content=\"https:\/\/eslots.wiki\/wp-content\/plugins\/wpforms-lite\/assets\/images\/submit-spin.svg\" \/>\n<meta name=\"twitter:card\" content=\"summary_large_image\" \/>\n<script type=\"application\/ld+json\" class=\"yoast-schema-graph\">{\"@context\":\"https:\/\/schema.org\",\"@graph\":[{\"@type\":\"WebPage\",\"@id\":\"https:\/\/eslots.wiki\/fi\/ota-yhteytta\/\",\"url\":\"https:\/\/eslots.wiki\/fi\/ota-yhteytta\/\",\"name\":\"Ota yhteytt\u00e4 - eSlots.Wiki\",\"isPartOf\":{\"@id\":\"https:\/\/eslots.wiki\/es\/#website\"},\"primaryImageOfPage\":{\"@id\":\"https:\/\/eslots.wiki\/fi\/ota-yhteytta\/#primaryimage\"},\"image\":{\"@id\":\"https:\/\/eslots.wiki\/fi\/ota-yhteytta\/#primaryimage\"},\"thumbnailUrl\":\"https:\/\/eslots.wiki\/wp-content\/plugins\/wpforms-lite\/assets\/images\/submit-spin.svg\",\"datePublished\":\"2021-11-04T11:45:08+00:00\",\"dateModified\":\"2024-05-23T08:47:36+00:00\",\"breadcrumb\":{\"@id\":\"https:\/\/eslots.wiki\/fi\/ota-yhteytta\/#breadcrumb\"},\"inLanguage\":\"fi\",\"potentialAction\":[{\"@type\":\"ReadAction\",\"target\":[\"https:\/\/eslots.wiki\/fi\/ota-yhteytta\/\"]}]},{\"@type\":\"ImageObject\",\"inLanguage\":\"fi\",\"@id\":\"https:\/\/eslots.wiki\/fi\/ota-yhteytta\/#primaryimage\",\"url\":\"https:\/\/eslots.wiki\/wp-content\/plugins\/wpforms-lite\/assets\/images\/submit-spin.svg\",\"contentUrl\":\"https:\/\/eslots.wiki\/wp-content\/plugins\/wpforms-lite\/assets\/images\/submit-spin.svg\"},{\"@type\":\"BreadcrumbList\",\"@id\":\"https:\/\/eslots.wiki\/fi\/ota-yhteytta\/#breadcrumb\",\"itemListElement\":[{\"@type\":\"ListItem\",\"position\":1,\"name\":\"Home\",\"item\":\"https:\/\/eslots.wiki\/fi\/eslots-wiki\/\"},{\"@type\":\"ListItem\",\"position\":2,\"name\":\"Ota yhteytt\u00e4\"}]},{\"@type\":\"WebSite\",\"@id\":\"https:\/\/eslots.wiki\/es\/#website\",\"url\":\"https:\/\/eslots.wiki\/es\/\",\"name\":\"eSlots.Wiki\",\"description\":\"\",\"potentialAction\":[{\"@type\":\"SearchAction\",\"target\":{\"@type\":\"EntryPoint\",\"urlTemplate\":\"https:\/\/eslots.wiki\/es\/?s={search_term_string}\"},\"query-input\":\"required name=search_term_string\"}],\"inLanguage\":\"fi\"}]}<\/script>\n<!-- \/ Yoast SEO plugin. -->","yoast_head_json":{"title":"Ota yhteytt\u00e4 - eSlots.Wiki","robots":{"index":"index","follow":"follow","max-snippet":"max-snippet:-1","max-image-preview":"max-image-preview:large","max-video-preview":"max-video-preview:-1"},"canonical":"https:\/\/eslots.wiki\/fi\/ota-yhteytta\/","og_locale":"fi_FI","og_type":"article","og_title":"Ota yhteytt\u00e4 - eSlots.Wiki","og_description":"Ota yhteytt\u00e4 Me eSlots.Wikiss\u00e4 arvostamme palautettasi, kysymyksi\u00e4 ja ehdotuksia. Olitpa sitten kiinnostunut sis\u00e4ll\u00f6st\u00e4mme, tarvitset apua tai haluat jakaa pelikokemuksiasi, me autamme sinua mielell\u00e4mme. Please enable JavaScript in your browser to complete this form.Please enable JavaScript in your browser to complete this form.Name * Why are you contacting us? Advertising Tips Other Your company nameEmail *Your [&hellip;]","og_url":"https:\/\/eslots.wiki\/fi\/ota-yhteytta\/","og_site_name":"eSlots.Wiki","article_modified_time":"2024-05-23T08:47:36+00:00","og_image":[{"url":"https:\/\/eslots.wiki\/wp-content\/plugins\/wpforms-lite\/assets\/images\/submit-spin.svg"}],"twitter_card":"summary_large_image","schema":{"@context":"https:\/\/schema.org","@graph":[{"@type":"WebPage","@id":"https:\/\/eslots.wiki\/fi\/ota-yhteytta\/","url":"https:\/\/eslots.wiki\/fi\/ota-yhteytta\/","name":"Ota yhteytt\u00e4 - eSlots.Wiki","isPartOf":{"@id":"https:\/\/eslots.wiki\/es\/#website"},"primaryImageOfPage":{"@id":"https:\/\/eslots.wiki\/fi\/ota-yhteytta\/#primaryimage"},"image":{"@id":"https:\/\/eslots.wiki\/fi\/ota-yhteytta\/#primaryimage"},"thumbnailUrl":"https:\/\/eslots.wiki\/wp-content\/plugins\/wpforms-lite\/assets\/images\/submit-spin.svg","datePublished":"2021-11-04T11:45:08+00:00","dateModified":"2024-05-23T08:47:36+00:00","breadcrumb":{"@id":"https:\/\/eslots.wiki\/fi\/ota-yhteytta\/#breadcrumb"},"inLanguage":"fi","potentialAction":[{"@type":"ReadAction","target":["https:\/\/eslots.wiki\/fi\/ota-yhteytta\/"]}]},{"@type":"ImageObject","inLanguage":"fi","@id":"https:\/\/eslots.wiki\/fi\/ota-yhteytta\/#primaryimage","url":"https:\/\/eslots.wiki\/wp-content\/plugins\/wpforms-lite\/assets\/images\/submit-spin.svg","contentUrl":"https:\/\/eslots.wiki\/wp-content\/plugins\/wpforms-lite\/assets\/images\/submit-spin.svg"},{"@type":"BreadcrumbList","@id":"https:\/\/eslots.wiki\/fi\/ota-yhteytta\/#breadcrumb","itemListElement":[{"@type":"ListItem","position":1,"name":"Home","item":"https:\/\/eslots.wiki\/fi\/eslots-wiki\/"},{"@type":"ListItem","position":2,"name":"Ota yhteytt\u00e4"}]},{"@type":"WebSite","@id":"https:\/\/eslots.wiki\/es\/#website","url":"https:\/\/eslots.wiki\/es\/","name":"eSlots.Wiki","description":"","potentialAction":[{"@type":"SearchAction","target":{"@type":"EntryPoint","urlTemplate":"https:\/\/eslots.wiki\/es\/?s={search_term_string}"},"query-input":"required name=search_term_string"}],"inLanguage":"fi"}]}},"_links":{"self":[{"href":"https:\/\/eslots.wiki\/fi\/wp-json\/wp\/v2\/pages\/3082","targetHints":{"allow":["GET"]}}],"collection":[{"href":"https:\/\/eslots.wiki\/fi\/wp-json\/wp\/v2\/pages"}],"about":[{"href":"https:\/\/eslots.wiki\/fi\/wp-json\/wp\/v2\/types\/page"}],"author":[{"embeddable":true,"href":"https:\/\/eslots.wiki\/fi\/wp-json\/wp\/v2\/users\/1"}],"replies":[{"embeddable":true,"href":"https:\/\/eslots.wiki\/fi\/wp-json\/wp\/v2\/comments?post=3082"}],"version-history":[{"count":3,"href":"https:\/\/eslots.wiki\/fi\/wp-json\/wp\/v2\/pages\/3082\/revisions"}],"predecessor-version":[{"id":3101,"href":"https:\/\/eslots.wiki\/fi\/wp-json\/wp\/v2\/pages\/3082\/revisions\/3101"}],"wp:attachment":[{"href":"https:\/\/eslots.wiki\/fi\/wp-json\/wp\/v2\/media?parent=3082"}],"curies":[{"name":"wp","href":"https:\/\/api.w.org\/{rel}","templated":true}]}}